{"id":187,"date":"2025-08-11T12:00:39","date_gmt":"2025-08-11T10:00:39","guid":{"rendered":"https:\/\/wildwelt-natur.de\/?page_id=187"},"modified":"2026-03-16T18:29:30","modified_gmt":"2026-03-16T17:29:30","slug":"kindergeburtstage","status":"publish","type":"page","link":"https:\/\/wildwelt-natur.de\/index.php\/kindergeburtstage\/","title":{"rendered":"Kindergeburtstag im Wald"},"content":{"rendered":"<style>.kb-row-layout-id187_a00774-6c > .kt-row-column-wrap{align-content:start;}:where(.kb-row-layout-id187_a00774-6c > .kt-row-column-wrap) > .wp-block-kadence-column{justify-content:start;}.kb-row-layout-id187_a00774-6c > .kt-row-column-wrap{column-gap:var(--global-kb-gap-lg, 4rem);row-gap:var(--global-kb-gap-md, 2rem);max-width:var( --global-content-width, 1290px );padding-left:var(--global-content-edge-padding);padding-right:var(--global-content-edge-padding);padding-top:var(--global-kb-spacing-xxl, 5rem);padding-bottom:var(--global-kb-spacing-xxl, 5rem);grid-template-columns:minmax(0, calc(50% - ((var(--global-kb-gap-lg, 4rem) * 1 )\/2)))minmax(0, calc(50% - ((var(--global-kb-gap-lg, 4rem) * 1 )\/2)));}.kb-row-layout-id187_a00774-6c > .kt-row-layout-overlay{opacity:0.30;}@media all and (max-width: 1024px){.kb-row-layout-id187_a00774-6c > .kt-row-column-wrap{grid-template-columns:minmax(0, 1fr);}}@media all and (max-width: 767px){.kb-row-layout-id187_a00774-6c > .kt-row-column-wrap{grid-template-columns:minmax(0, 1fr);}}<\/style><div class=\"kb-row-layout-wrap kb-row-layout-id187_a00774-6c alignfull has-theme-palette9-background-color kt-row-has-bg wp-block-kadence-rowlayout\"><div class=\"kt-row-column-wrap kt-has-2-columns kt-row-layout-equal kt-tab-layout-row kt-mobile-layout-row kt-row-valign-top kb-theme-content-width\">\n<style>.kadence-column187_1b92a7-31 > .kt-inside-inner-col,.kadence-column187_1b92a7-31 > .kt-inside-inner-col:before{border-top-left-radius:0px;border-top-right-radius:0px;border-bottom-right-radius:0px;border-bottom-left-radius:0px;}.kadence-column187_1b92a7-31 > .kt-inside-inner-col{column-gap:var(--global-kb-gap-sm, 1rem);}.kadence-column187_1b92a7-31 > .kt-inside-inner-col{flex-direction:column;}.kadence-column187_1b92a7-31 > .kt-inside-inner-col > .aligncenter{width:100%;}.kadence-column187_1b92a7-31 > .kt-inside-inner-col:before{opacity:0.3;}.kadence-column187_1b92a7-31{position:relative;}@media all and (max-width: 1024px){.kadence-column187_1b92a7-31 > .kt-inside-inner-col{flex-direction:column;justify-content:center;}}@media all and (max-width: 767px){.kadence-column187_1b92a7-31 > .kt-inside-inner-col{flex-direction:column;justify-content:center;}}<\/style>\n<div class=\"wp-block-kadence-column kadence-column187_1b92a7-31 inner-column-1\"><div class=\"kt-inside-inner-col\"><style>.kb-image187_3648dc-d4 .kb-image-has-overlay:after{opacity:0.3;border-top-left-radius:10px;border-top-right-radius:10px;border-bottom-right-radius:10px;border-bottom-left-radius:10px;}.kb-image187_3648dc-d4 img.kb-img, .kb-image187_3648dc-d4 .kb-img img{border-top-left-radius:10px;border-top-right-radius:10px;border-bottom-right-radius:10px;border-bottom-left-radius:10px;object-position:80% 65%;}<\/style>\n<figure class=\"wp-block-kadence-image kb-image187_3648dc-d4 size-large kb-image-is-ratio-size\"><div class=\"kb-is-ratio-image kb-image-ratio-port34\"><img loading=\"lazy\" decoding=\"async\" width=\"1024\" height=\"769\" src=\"https:\/\/wildwelt-natur.de\/wp-content\/uploads\/2025\/11\/WhatsApp-Image-2025-11-03-at-15.03.19-1024x769.jpeg\" alt=\"\" class=\"kb-img wp-image-226\" srcset=\"https:\/\/wildwelt-natur.de\/wp-content\/uploads\/2025\/11\/WhatsApp-Image-2025-11-03-at-15.03.19-1024x769.jpeg 1024w, https:\/\/wildwelt-natur.de\/wp-content\/uploads\/2025\/11\/WhatsApp-Image-2025-11-03-at-15.03.19-300x225.jpeg 300w, https:\/\/wildwelt-natur.de\/wp-content\/uploads\/2025\/11\/WhatsApp-Image-2025-11-03-at-15.03.19-768x576.jpeg 768w, https:\/\/wildwelt-natur.de\/wp-content\/uploads\/2025\/11\/WhatsApp-Image-2025-11-03-at-15.03.19-1536x1153.jpeg 1536w, https:\/\/wildwelt-natur.de\/wp-content\/uploads\/2025\/11\/WhatsApp-Image-2025-11-03-at-15.03.19.jpeg 2048w\" sizes=\"auto, (max-width: 1024px) 100vw, 1024px\" \/><\/div><\/figure>\n<\/div><\/div>\n\n\n<style>.kadence-column187_fc0d1f-c4 > .kt-inside-inner-col,.kadence-column187_fc0d1f-c4 > .kt-inside-inner-col:before{border-top-left-radius:0px;border-top-right-radius:0px;border-bottom-right-radius:0px;border-bottom-left-radius:0px;}.kadence-column187_fc0d1f-c4 > .kt-inside-inner-col{column-gap:var(--global-kb-gap-sm, 1rem);}.kadence-column187_fc0d1f-c4 > .kt-inside-inner-col{flex-direction:column;}.kadence-column187_fc0d1f-c4 > .kt-inside-inner-col > .aligncenter{width:100%;}.kadence-column187_fc0d1f-c4 > .kt-inside-inner-col:before{opacity:0.3;}.kadence-column187_fc0d1f-c4{position:relative;}.kadence-column187_fc0d1f-c4, .kt-inside-inner-col > .kadence-column187_fc0d1f-c4:not(.specificity){margin-left:60px;}@media all and (max-width: 1024px){.kadence-column187_fc0d1f-c4 > .kt-inside-inner-col{flex-direction:column;justify-content:center;}}@media all and (max-width: 767px){.kadence-column187_fc0d1f-c4 > .kt-inside-inner-col{padding-top:0px;padding-right:0px;padding-bottom:0px;padding-left:0px;flex-direction:column;justify-content:center;}.kadence-column187_fc0d1f-c4, .kt-inside-inner-col > .kadence-column187_fc0d1f-c4:not(.specificity){margin-top:0px;margin-right:0px;margin-bottom:0px;margin-left:0px;}}<\/style>\n<div class=\"wp-block-kadence-column kadence-column187_fc0d1f-c4 inner-column-2\"><div class=\"kt-inside-inner-col\"><style>.wp-block-kadence-advancedheading.kt-adv-heading187_e30390-d8, .wp-block-kadence-advancedheading.kt-adv-heading187_e30390-d8[data-kb-block=\"kb-adv-heading187_e30390-d8\"]{font-weight:700;font-style:normal;}.wp-block-kadence-advancedheading.kt-adv-heading187_e30390-d8 mark.kt-highlight, .wp-block-kadence-advancedheading.kt-adv-heading187_e30390-d8[data-kb-block=\"kb-adv-heading187_e30390-d8\"] mark.kt-highlight{font-style:normal;color:#f76a0c;-webkit-box-decoration-break:clone;box-decoration-break:clone;padding-top:0px;padding-right:0px;padding-bottom:0px;padding-left:0px;}<\/style>\n<div class=\"kt-adv-heading187_e30390-d8 wp-block-kadence-advancedheading\" data-kb-block=\"kb-adv-heading187_e30390-d8\">Erlebnisse in der Natur<\/div>\n\n\n<style>.wp-block-kadence-advancedheading.kt-adv-heading187_eac388-26, .wp-block-kadence-advancedheading.kt-adv-heading187_eac388-26[data-kb-block=\"kb-adv-heading187_eac388-26\"]{margin-top:var(--global-kb-spacing-xxs, 0.5rem);font-size:var(--global-kb-font-size-lg, 2rem);line-height:1.1;font-style:normal;}.wp-block-kadence-advancedheading.kt-adv-heading187_eac388-26 mark.kt-highlight, .wp-block-kadence-advancedheading.kt-adv-heading187_eac388-26[data-kb-block=\"kb-adv-heading187_eac388-26\"] mark.kt-highlight{font-style:normal;color:#f76a0c;-webkit-box-decoration-break:clone;box-decoration-break:clone;padding-top:0px;padding-right:0px;padding-bottom:0px;padding-left:0px;}<\/style>\n<h2 class=\"kt-adv-heading187_eac388-26 wp-block-kadence-advancedheading\" data-kb-block=\"kb-adv-heading187_eac388-26\"><br><strong>Auf ins Waldabenteuer!<\/strong><\/h2>\n\n\n<style>.wp-block-kadence-advancedheading.kt-adv-heading187_558084-b1, .wp-block-kadence-advancedheading.kt-adv-heading187_558084-b1[data-kb-block=\"kb-adv-heading187_558084-b1\"]{font-size:var(--global-kb-font-size-md, 1.25rem);font-style:normal;}.wp-block-kadence-advancedheading.kt-adv-heading187_558084-b1 mark.kt-highlight, .wp-block-kadence-advancedheading.kt-adv-heading187_558084-b1[data-kb-block=\"kb-adv-heading187_558084-b1\"] mark.kt-highlight{font-style:normal;color:#f76a0c;-webkit-box-decoration-break:clone;box-decoration-break:clone;padding-top:0px;padding-right:0px;padding-bottom:0px;padding-left:0px;}<\/style>\n<p class=\"kt-adv-heading187_558084-b1 wp-block-kadence-advancedheading\" data-kb-block=\"kb-adv-heading187_558084-b1\"><strong>Bei WILDWELT feiern Kinder ihren Geburtstag mit ihren Freunden, zwischen B\u00e4umen, Moos und Erde an der frischen Luft.<\/strong><\/p>\n\n\n\n<p class=\"has-medium-font-size\"><strong>Das erwartet euch:<\/strong><\/p>\n\n\n\n<ul class=\"wp-block-list\">\n<li class=\"has-medium-font-size\">Spannende Naturspiele und kleine Abenteuer<\/li>\n\n\n\n<li class=\"has-medium-font-size\">Entdecken, Forschen und Kreativsein im Wald<\/li>\n\n\n\n<li class=\"has-medium-font-size\">Zeit zum Bewegen, Staunen und gemeinsamen Feiern<\/li>\n\n\n\n<li class=\"has-medium-font-size\">Ein besonderes Naturerlebnis f\u00fcr das Geburtstagskind und seine Freunde<\/li>\n<\/ul>\n\n\n<style>.wp-block-kadence-advancedheading.kt-adv-heading187_1d0720-d7, .wp-block-kadence-advancedheading.kt-adv-heading187_1d0720-d7[data-kb-block=\"kb-adv-heading187_1d0720-d7\"]{font-size:var(--global-kb-font-size-md, 1.25rem);font-style:normal;}.wp-block-kadence-advancedheading.kt-adv-heading187_1d0720-d7 mark.kt-highlight, .wp-block-kadence-advancedheading.kt-adv-heading187_1d0720-d7[data-kb-block=\"kb-adv-heading187_1d0720-d7\"] mark.kt-highlight{font-style:normal;color:#f76a0c;-webkit-box-decoration-break:clone;box-decoration-break:clone;padding-top:0px;padding-right:0px;padding-bottom:0px;padding-left:0px;}<\/style>\n<p class=\"kt-adv-heading187_1d0720-d7 wp-block-kadence-advancedheading\" data-kb-block=\"kb-adv-heading187_1d0720-d7\">Wir gestalten ein spannendes Naturerlebnis, bei dem Abenteuer, Spiel und Teamgeist im Mittelpunkt stehen \u2013 ganz nach den W\u00fcnschen des Geburtstagskindes!<br><br><strong>Meldet euch gerne bei uns, um einen Termin anzufragen oder den Waldgeburtstag zu planen \u2013 wir freuen uns auf eure Nachricht!<\/strong><br><\/p>\n<\/div><\/div>\n\n<\/div><\/div>\n\n\n<h2 class=\"wp-block-heading\">F\u00fcr kleine Abenteurer (4\u20136 Jahre)<\/h2>\n\n\n\n<p class=\"has-medium-font-size\">Hier geht es ums Staunen, Erforschen und Entdecken. Wir bauen, matschen, suchen Waldbewohner und basteln mit Naturmaterialien.<br><br><strong>Themen Vorschl\u00e4ge:<\/strong><br>Wer krabbelt da? \u2013 wer lebt unter Steinen und Bl\u00e4ttern?<br>Kleine Baumeister \u2013 Waldmurmelbahn, Landart<br>Waldparcour &#8211; wir bauen eine Hindernisstrecke<br>Feen und Elfen &#8211; geheimnisvolle Spuren im Gr\u00fcnen<br><br><strong>Dauer:<\/strong> ca. 2 Stunden<br><strong>Teilnehmer:<\/strong> bis 12 Kinder<br><strong>Preis:<\/strong> ab \u20ac 200<\/p>\n\n\n\n<h2 class=\"wp-block-heading\">F\u00fcr Entdecker und Forscher (7\u201312 Jahre)<\/h2>\n\n\n\n<p class=\"has-medium-font-size\">Jetzt wird\u2019s wild! Wir bauen H\u00fctten oder erforschen, Pflanzen, Tiere und Spuren von Tieren. Mut, Teamgeist und Neugierde sind gefragt.<br><br><strong><strong>Themen Vorschl\u00e4ge:<\/strong><\/strong><br>Spurenleser \u2013 wer war hier unterwegs?<br>Survival Kids \u2013 Naturhandwerk, Laubh\u00fctten bauen<br>Hexen und Zauberer &#8211; Kr\u00e4uter und Zaubertr\u00e4nke, Besen-Olympiade<br>Baumeister \u2013 Dammbau, Waldmurmelbahn, Landart<\/p>\n\n\n\n<p class=\"has-medium-font-size\"><strong>Dauer:<\/strong> ca. 3 Stunden<br><strong>Teilnehmer:<\/strong> bis 12 Kinder<br><strong>Preis:<\/strong> ab \u20ac 300<\/p>\n\n\n\n<h2 class=\"wp-block-heading\">F\u00fcr Jugendliche (ab 12 Jahren)<\/h2>\n\n\n\n<p class=\"has-medium-font-size\">Ein echtes Outdoor-Erlebnis mit Nervenkitzel: Orientierung im Gel\u00e4nde, Abenteuer im Dunkeln, Team-Challenges oder kleine Survival-Aufgaben.<br><br><strong><strong><strong>Themen Vorschl\u00e4ge:<\/strong><\/strong><\/strong><br>Im Dunkeln ist gut Munkeln &#8211; Nachtwanderung im Wald<br>Orientierung in Gel\u00e4nde &#8211; Karte und Kompass<br>Schnitzeljagd \/ Geocaching<br>Survival &#8211; Laubh\u00fcttenbau, Feuerkunde, Trinkwasser <br><br><strong>Dauer:<\/strong> ab 3 Stunden<br><strong>Teilnehmer:<\/strong> bis 12 Personen<br><strong>Preis:<\/strong> ab \u20ac 300<\/p>\n","protected":false},"excerpt":{"rendered":"<p>Erlebnisse in der Natur Auf ins Waldabenteuer! Bei WILDWELT feiern Kinder ihren Geburtstag mit ihren Freunden, zwischen B\u00e4umen, Moos und Erde an der frischen Luft. Das erwartet euch: Wir gestalten&#8230;<\/p>\n","protected":false},"author":1,"featured_media":0,"parent":0,"menu_order":0,"comment_status":"closed","ping_status":"closed","template":"","meta":{"_kadence_starter_templates_imported_post":false,"_kad_post_transparent":"","_kad_post_title":"","_kad_post_layout":"","_kad_post_sidebar_id":"","_kad_post_content_style":"","_kad_post_vertical_padding":"","_kad_post_feature":"","_kad_post_feature_position":"","_kad_post_header":false,"_kad_post_footer":false,"footnotes":""},"class_list":["post-187","page","type-page","status-publish","hentry"],"_links":{"self":[{"href":"https:\/\/wildwelt-natur.de\/index.php\/wp-json\/wp\/v2\/pages\/187","targetHints":{"allow":["GET"]}}],"collection":[{"href":"https:\/\/wildwelt-natur.de\/index.php\/wp-json\/wp\/v2\/pages"}],"about":[{"href":"https:\/\/wildwelt-natur.de\/index.php\/wp-json\/wp\/v2\/types\/page"}],"author":[{"embeddable":true,"href":"https:\/\/wildwelt-natur.de\/index.php\/wp-json\/wp\/v2\/users\/1"}],"replies":[{"embeddable":true,"href":"https:\/\/wildwelt-natur.de\/index.php\/wp-json\/wp\/v2\/comments?post=187"}],"version-history":[{"count":13,"href":"https:\/\/wildwelt-natur.de\/index.php\/wp-json\/wp\/v2\/pages\/187\/revisions"}],"predecessor-version":[{"id":319,"href":"https:\/\/wildwelt-natur.de\/index.php\/wp-json\/wp\/v2\/pages\/187\/revisions\/319"}],"wp:attachment":[{"href":"https:\/\/wildwelt-natur.de\/index.php\/wp-json\/wp\/v2\/media?parent=187"}],"curies":[{"name":"wp","href":"https:\/\/api.w.org\/{rel}","templated":true}]}}