{"id":195,"date":"2025-08-11T12:05:19","date_gmt":"2025-08-11T10:05:19","guid":{"rendered":"https:\/\/wildwelt-natur.de\/?page_id=195"},"modified":"2025-11-03T15:52:56","modified_gmt":"2025-11-03T14:52:56","slug":"familien-und-gruppen","status":"publish","type":"page","link":"https:\/\/wildwelt-natur.de\/index.php\/familien-und-gruppen\/","title":{"rendered":"Familien und Gruppen"},"content":{"rendered":"<style>.kadence-column195_fd514e-5e > .kt-inside-inner-col,.kadence-column195_fd514e-5e > .kt-inside-inner-col:before{border-top-left-radius:0px;border-top-right-radius:0px;border-bottom-right-radius:0px;border-bottom-left-radius:0px;}.kadence-column195_fd514e-5e > .kt-inside-inner-col{column-gap:var(--global-kb-gap-sm, 1rem);}.kadence-column195_fd514e-5e > .kt-inside-inner-col{flex-direction:column;}.kadence-column195_fd514e-5e > .kt-inside-inner-col > .aligncenter{width:100%;}.kadence-column195_fd514e-5e > .kt-inside-inner-col:before{opacity:0.3;}.kadence-column195_fd514e-5e{position:relative;}@media all and (max-width: 1024px){.kadence-column195_fd514e-5e > .kt-inside-inner-col{flex-direction:column;justify-content:center;}}@media all and (max-width: 767px){.kadence-column195_fd514e-5e > .kt-inside-inner-col{flex-direction:column;justify-content:center;}}<\/style>\n<div class=\"wp-block-kadence-column kadence-column195_fd514e-5e\"><div class=\"kt-inside-inner-col\"><style>.kb-row-layout-id195_b59351-53 > .kt-row-column-wrap{align-content:start;}:where(.kb-row-layout-id195_b59351-53 > .kt-row-column-wrap) > .wp-block-kadence-column{justify-content:start;}.kb-row-layout-id195_b59351-53 > .kt-row-column-wrap{column-gap:var(--global-kb-gap-lg, 4rem);row-gap:var(--global-kb-gap-md, 2rem);max-width:var( --global-content-width, 1290px );padding-left:var(--global-content-edge-padding);padding-right:var(--global-content-edge-padding);padding-top:var(--global-kb-spacing-xxl, 5rem);padding-bottom:var(--global-kb-spacing-xxl, 5rem);grid-template-columns:minmax(0, calc(50% - ((var(--global-kb-gap-lg, 4rem) * 1 )\/2)))minmax(0, calc(50% - ((var(--global-kb-gap-lg, 4rem) * 1 )\/2)));}.kb-row-layout-id195_b59351-53 > .kt-row-layout-overlay{opacity:0.30;}@media all and (max-width: 1024px){.kb-row-layout-id195_b59351-53 > .kt-row-column-wrap{grid-template-columns:minmax(0, 1fr);}}@media all and (max-width: 767px){.kb-row-layout-id195_b59351-53 > .kt-row-column-wrap{grid-template-columns:minmax(0, 1fr);}}<\/style><div class=\"kb-row-layout-wrap kb-row-layout-id195_b59351-53 alignfull has-theme-palette9-background-color kt-row-has-bg wp-block-kadence-rowlayout\"><div class=\"kt-row-column-wrap kt-has-2-columns kt-row-layout-equal kt-tab-layout-row kt-mobile-layout-row kt-row-valign-top kb-theme-content-width\">\n<style>.kadence-column195_fcb401-a4 > .kt-inside-inner-col,.kadence-column195_fcb401-a4 > .kt-inside-inner-col:before{border-top-left-radius:0px;border-top-right-radius:0px;border-bottom-right-radius:0px;border-bottom-left-radius:0px;}.kadence-column195_fcb401-a4 > .kt-inside-inner-col{column-gap:var(--global-kb-gap-sm, 1rem);}.kadence-column195_fcb401-a4 > .kt-inside-inner-col{flex-direction:column;}.kadence-column195_fcb401-a4 > .kt-inside-inner-col > .aligncenter{width:100%;}.kadence-column195_fcb401-a4 > .kt-inside-inner-col:before{opacity:0.3;}.kadence-column195_fcb401-a4{position:relative;}@media all and (max-width: 1024px){.kadence-column195_fcb401-a4 > .kt-inside-inner-col{flex-direction:column;justify-content:center;}}@media all and (max-width: 767px){.kadence-column195_fcb401-a4 > .kt-inside-inner-col{flex-direction:column;justify-content:center;}}<\/style>\n<div class=\"wp-block-kadence-column kadence-column195_fcb401-a4 inner-column-1\"><div class=\"kt-inside-inner-col\"><style>.kb-image195_9e239d-55.kb-image-is-ratio-size, .kb-image195_9e239d-55 .kb-image-is-ratio-size{max-width:1614px;width:100%;}.wp-block-kadence-column > .kt-inside-inner-col > .kb-image195_9e239d-55.kb-image-is-ratio-size, .wp-block-kadence-column > .kt-inside-inner-col > .kb-image195_9e239d-55 .kb-image-is-ratio-size{align-self:unset;}.kb-image195_9e239d-55{max-width:1614px;}.image-is-svg.kb-image195_9e239d-55{-webkit-flex:0 1 100%;flex:0 1 100%;}.image-is-svg.kb-image195_9e239d-55 img{width:100%;}.kb-image195_9e239d-55 .kb-image-has-overlay:after{opacity:0.3;border-top-left-radius:10px;border-top-right-radius:10px;border-bottom-right-radius:10px;border-bottom-left-radius:10px;}.kb-image195_9e239d-55 img.kb-img, .kb-image195_9e239d-55 .kb-img img{border-top-left-radius:10px;border-top-right-radius:10px;border-bottom-right-radius:10px;border-bottom-left-radius:10px;object-position:54% 39%;}<\/style>\n<figure class=\"wp-block-kadence-image kb-image195_9e239d-55 size-large kb-image-is-ratio-size\"><div class=\"kb-is-ratio-image kb-image-ratio-port34\"><img loading=\"lazy\" decoding=\"async\" width=\"1024\" height=\"768\" src=\"https:\/\/wildwelt-natur.de\/wp-content\/uploads\/2025\/11\/WhatsApp-Image-2025-11-03-at-15.22.11-1-1024x768.jpeg\" alt=\"\" class=\"kb-img wp-image-234\" srcset=\"https:\/\/wildwelt-natur.de\/wp-content\/uploads\/2025\/11\/WhatsApp-Image-2025-11-03-at-15.22.11-1-1024x768.jpeg 1024w, https:\/\/wildwelt-natur.de\/wp-content\/uploads\/2025\/11\/WhatsApp-Image-2025-11-03-at-15.22.11-1-300x225.jpeg 300w, https:\/\/wildwelt-natur.de\/wp-content\/uploads\/2025\/11\/WhatsApp-Image-2025-11-03-at-15.22.11-1-768x576.jpeg 768w, https:\/\/wildwelt-natur.de\/wp-content\/uploads\/2025\/11\/WhatsApp-Image-2025-11-03-at-15.22.11-1-1536x1152.jpeg 1536w, https:\/\/wildwelt-natur.de\/wp-content\/uploads\/2025\/11\/WhatsApp-Image-2025-11-03-at-15.22.11-1.jpeg 1600w\" sizes=\"auto, (max-width: 1024px) 100vw, 1024px\" \/><\/div><\/figure>\n<\/div><\/div>\n\n\n<style>.kadence-column195_eee227-53 > .kt-inside-inner-col,.kadence-column195_eee227-53 > .kt-inside-inner-col:before{border-top-left-radius:0px;border-top-right-radius:0px;border-bottom-right-radius:0px;border-bottom-left-radius:0px;}.kadence-column195_eee227-53 > .kt-inside-inner-col{column-gap:var(--global-kb-gap-sm, 1rem);}.kadence-column195_eee227-53 > .kt-inside-inner-col{flex-direction:column;}.kadence-column195_eee227-53 > .kt-inside-inner-col > .aligncenter{width:100%;}.kadence-column195_eee227-53 > .kt-inside-inner-col:before{opacity:0.3;}.kadence-column195_eee227-53{position:relative;}.kadence-column195_eee227-53, .kt-inside-inner-col > .kadence-column195_eee227-53:not(.specificity){margin-left:60px;}@media all and (max-width: 1024px){.kadence-column195_eee227-53 > .kt-inside-inner-col{flex-direction:column;justify-content:center;}}@media all and (max-width: 767px){.kadence-column195_eee227-53 > .kt-inside-inner-col{padding-top:0px;padding-right:0px;padding-bottom:0px;padding-left:0px;flex-direction:column;justify-content:center;}.kadence-column195_eee227-53, .kt-inside-inner-col > .kadence-column195_eee227-53:not(.specificity){margin-top:0px;margin-right:0px;margin-bottom:0px;margin-left:0px;}}<\/style>\n<div class=\"wp-block-kadence-column kadence-column195_eee227-53 inner-column-2\"><div class=\"kt-inside-inner-col\"><style>.wp-block-kadence-advancedheading.kt-adv-heading195_5e1aa1-5d, .wp-block-kadence-advancedheading.kt-adv-heading195_5e1aa1-5d[data-kb-block=\"kb-adv-heading195_5e1aa1-5d\"]{font-weight:700;font-style:normal;}.wp-block-kadence-advancedheading.kt-adv-heading195_5e1aa1-5d mark.kt-highlight, .wp-block-kadence-advancedheading.kt-adv-heading195_5e1aa1-5d[data-kb-block=\"kb-adv-heading195_5e1aa1-5d\"] mark.kt-highlight{font-style:normal;color:#f76a0c;-webkit-box-decoration-break:clone;box-decoration-break:clone;padding-top:0px;padding-right:0px;padding-bottom:0px;padding-left:0px;}<\/style>\n<div class=\"kt-adv-heading195_5e1aa1-5d wp-block-kadence-advancedheading\" data-kb-block=\"kb-adv-heading195_5e1aa1-5d\">Erlebnisse in der Natur<\/div>\n\n\n<style>.wp-block-kadence-advancedheading.kt-adv-heading195_0c423a-74, .wp-block-kadence-advancedheading.kt-adv-heading195_0c423a-74[data-kb-block=\"kb-adv-heading195_0c423a-74\"]{margin-top:var(--global-kb-spacing-xxs, 0.5rem);font-size:var(--global-kb-font-size-lg, 2rem);line-height:1.1;font-style:normal;}.wp-block-kadence-advancedheading.kt-adv-heading195_0c423a-74 mark.kt-highlight, .wp-block-kadence-advancedheading.kt-adv-heading195_0c423a-74[data-kb-block=\"kb-adv-heading195_0c423a-74\"] mark.kt-highlight{font-style:normal;color:#f76a0c;-webkit-box-decoration-break:clone;box-decoration-break:clone;padding-top:0px;padding-right:0px;padding-bottom:0px;padding-left:0px;}<\/style>\n<h2 class=\"kt-adv-heading195_0c423a-74 wp-block-kadence-advancedheading\" data-kb-block=\"kb-adv-heading195_0c423a-74\">Entdecken Sie unsere vielf\u00e4ltigen Angebote f\u00fcr Familien und Gruppen<\/h2>\n\n\n<style>.kb-row-layout-id195_326b9a-b5 > .kt-row-column-wrap{align-content:start;}:where(.kb-row-layout-id195_326b9a-b5 > .kt-row-column-wrap) > .wp-block-kadence-column{justify-content:start;}.kb-row-layout-id195_326b9a-b5 > .kt-row-column-wrap{column-gap:var(--global-kb-gap-sm, 1rem);row-gap:var(--global-kb-gap-none, 0rem );padding-top:var(--global-kb-spacing-sm, 1.5rem);padding-bottom:var(--global-kb-spacing-sm, 1.5rem);grid-template-columns:minmax(0, calc(15% - ((var(--global-kb-gap-sm, 1rem) * 1 )\/2)))minmax(0, calc(85% - ((var(--global-kb-gap-sm, 1rem) * 1 )\/2)));}.kb-row-layout-id195_326b9a-b5 > .kt-row-layout-overlay{opacity:0.30;}@media all and (max-width: 1024px){.kb-row-layout-id195_326b9a-b5 > .kt-row-column-wrap{grid-template-columns:minmax(0, 1fr) minmax(0, 2fr);}}@media all and (max-width: 767px){.kb-row-layout-id195_326b9a-b5 > .kt-row-column-wrap{grid-template-columns:minmax(0, 1fr);}}<\/style><div class=\"kb-row-layout-wrap kb-row-layout-id195_326b9a-b5 alignnone wp-block-kadence-rowlayout\"><div class=\"kt-row-column-wrap kt-has-2-columns kt-row-layout-right-golden kt-tab-layout-inherit kt-mobile-layout-row kt-row-valign-top\">\n<style>.kadence-column195_94fd79-2b > .kt-inside-inner-col,.kadence-column195_94fd79-2b > .kt-inside-inner-col:before{border-top-left-radius:0px;border-top-right-radius:0px;border-bottom-right-radius:0px;border-bottom-left-radius:0px;}.kadence-column195_94fd79-2b > .kt-inside-inner-col{column-gap:var(--global-kb-gap-sm, 1rem);}.kadence-column195_94fd79-2b > .kt-inside-inner-col{flex-direction:column;}.kadence-column195_94fd79-2b > .kt-inside-inner-col > .aligncenter{width:100%;}.kadence-column195_94fd79-2b > .kt-inside-inner-col:before{opacity:0.3;}.kadence-column195_94fd79-2b{position:relative;}@media all and (max-width: 1024px){.kadence-column195_94fd79-2b > .kt-inside-inner-col{flex-direction:column;justify-content:center;}}@media all and (max-width: 767px){.kadence-column195_94fd79-2b > .kt-inside-inner-col{flex-direction:column;justify-content:center;}}<\/style>\n<div class=\"wp-block-kadence-column kadence-column195_94fd79-2b inner-column-1\"><div class=\"kt-inside-inner-col\"><style>.wp-block-kadence-advancedheading.kt-adv-heading195_af0365-85, .wp-block-kadence-advancedheading.kt-adv-heading195_af0365-85[data-kb-block=\"kb-adv-heading195_af0365-85\"]{margin-bottom:var(--global-kb-spacing-xs, 1rem);font-size:var(--global-kb-font-size-lg, 2rem);line-height:1;font-weight:700;font-style:normal;}.wp-block-kadence-advancedheading.kt-adv-heading195_af0365-85 mark.kt-highlight, .wp-block-kadence-advancedheading.kt-adv-heading195_af0365-85[data-kb-block=\"kb-adv-heading195_af0365-85\"] mark.kt-highlight{font-style:normal;color:#f76a0c;-webkit-box-decoration-break:clone;box-decoration-break:clone;padding-top:0px;padding-right:0px;padding-bottom:0px;padding-left:0px;}<\/style>\n<div class=\"kt-adv-heading195_af0365-85 wp-block-kadence-advancedheading has-theme-palette-1-color has-text-color\" data-kb-block=\"kb-adv-heading195_af0365-85\">01<\/div>\n<\/div><\/div>\n\n\n<style>.kadence-column195_fa061f-a5 > .kt-inside-inner-col,.kadence-column195_fa061f-a5 > .kt-inside-inner-col:before{border-top-left-radius:0px;border-top-right-radius:0px;border-bottom-right-radius:0px;border-bottom-left-radius:0px;}.kadence-column195_fa061f-a5 > .kt-inside-inner-col{column-gap:var(--global-kb-gap-sm, 1rem);}.kadence-column195_fa061f-a5 > .kt-inside-inner-col{flex-direction:column;}.kadence-column195_fa061f-a5 > .kt-inside-inner-col > .aligncenter{width:100%;}.kadence-column195_fa061f-a5 > .kt-inside-inner-col:before{opacity:0.3;}.kadence-column195_fa061f-a5{position:relative;}@media all and (max-width: 1024px){.kadence-column195_fa061f-a5 > .kt-inside-inner-col{flex-direction:column;justify-content:center;}}@media all and (max-width: 767px){.kadence-column195_fa061f-a5 > .kt-inside-inner-col{flex-direction:column;justify-content:center;}}<\/style>\n<div class=\"wp-block-kadence-column kadence-column195_fa061f-a5 inner-column-2\"><div class=\"kt-inside-inner-col\"><style>.wp-block-kadence-advancedheading.kt-adv-heading195_6fd859-3c, .wp-block-kadence-advancedheading.kt-adv-heading195_6fd859-3c[data-kb-block=\"kb-adv-heading195_6fd859-3c\"]{font-size:var(--global-kb-font-size-md, 1.25rem);line-height:1.2;font-style:normal;}.wp-block-kadence-advancedheading.kt-adv-heading195_6fd859-3c mark.kt-highlight, .wp-block-kadence-advancedheading.kt-adv-heading195_6fd859-3c[data-kb-block=\"kb-adv-heading195_6fd859-3c\"] mark.kt-highlight{font-style:normal;color:#f76a0c;-webkit-box-decoration-break:clone;box-decoration-break:clone;padding-top:0px;padding-right:0px;padding-bottom:0px;padding-left:0px;}<\/style>\n<h3 class=\"kt-adv-heading195_6fd859-3c wp-block-kadence-advancedheading\" data-kb-block=\"kb-adv-heading195_6fd859-3c\">Waldfuhrungen<\/h3>\n\n\n<style>.wp-block-kadence-advancedheading.kt-adv-heading195_4d2a08-bb, .wp-block-kadence-advancedheading.kt-adv-heading195_4d2a08-bb[data-kb-block=\"kb-adv-heading195_4d2a08-bb\"]{font-style:normal;}.wp-block-kadence-advancedheading.kt-adv-heading195_4d2a08-bb mark.kt-highlight, .wp-block-kadence-advancedheading.kt-adv-heading195_4d2a08-bb[data-kb-block=\"kb-adv-heading195_4d2a08-bb\"] mark.kt-highlight{font-style:normal;color:#f76a0c;-webkit-box-decoration-break:clone;box-decoration-break:clone;padding-top:0px;padding-right:0px;padding-bottom:0px;padding-left:0px;}<\/style>\n<p class=\"kt-adv-heading195_4d2a08-bb wp-block-kadence-advancedheading has-theme-palette-6-color has-text-color\" data-kb-block=\"kb-adv-heading195_4d2a08-bb\">Entdecke die Sch\u00f6nheit der Natur.<\/p>\n<\/div><\/div>\n\n<\/div><\/div>\n\n<style>.kb-row-layout-id195_69e2c0-cb > .kt-row-column-wrap{align-content:start;}:where(.kb-row-layout-id195_69e2c0-cb > .kt-row-column-wrap) > .wp-block-kadence-column{justify-content:start;}.kb-row-layout-id195_69e2c0-cb > .kt-row-column-wrap{column-gap:var(--global-kb-gap-sm, 1rem);row-gap:var(--global-kb-gap-none, 0rem );padding-top:var(--global-kb-spacing-sm, 1.5rem);padding-bottom:var(--global-kb-spacing-sm, 1.5rem);grid-template-columns:minmax(0, calc(15% - ((var(--global-kb-gap-sm, 1rem) * 1 )\/2)))minmax(0, calc(85% - ((var(--global-kb-gap-sm, 1rem) * 1 )\/2)));}.kb-row-layout-id195_69e2c0-cb > .kt-row-layout-overlay{opacity:0.30;}@media all and (max-width: 1024px){.kb-row-layout-id195_69e2c0-cb > .kt-row-column-wrap{grid-template-columns:minmax(0, 1fr) minmax(0, 2fr);}}@media all and (max-width: 767px){.kb-row-layout-id195_69e2c0-cb > .kt-row-column-wrap{grid-template-columns:minmax(0, 1fr);}}<\/style><div class=\"kb-row-layout-wrap kb-row-layout-id195_69e2c0-cb alignnone wp-block-kadence-rowlayout\"><div class=\"kt-row-column-wrap kt-has-2-columns kt-row-layout-right-golden kt-tab-layout-inherit kt-mobile-layout-row kt-row-valign-top\">\n<style>.kadence-column195_bc0158-49 > .kt-inside-inner-col,.kadence-column195_bc0158-49 > .kt-inside-inner-col:before{border-top-left-radius:0px;border-top-right-radius:0px;border-bottom-right-radius:0px;border-bottom-left-radius:0px;}.kadence-column195_bc0158-49 > .kt-inside-inner-col{column-gap:var(--global-kb-gap-sm, 1rem);}.kadence-column195_bc0158-49 > .kt-inside-inner-col{flex-direction:column;}.kadence-column195_bc0158-49 > .kt-inside-inner-col > .aligncenter{width:100%;}.kadence-column195_bc0158-49 > .kt-inside-inner-col:before{opacity:0.3;}.kadence-column195_bc0158-49{position:relative;}@media all and (max-width: 1024px){.kadence-column195_bc0158-49 > .kt-inside-inner-col{flex-direction:column;justify-content:center;}}@media all and (max-width: 767px){.kadence-column195_bc0158-49 > .kt-inside-inner-col{flex-direction:column;justify-content:center;}}<\/style>\n<div class=\"wp-block-kadence-column kadence-column195_bc0158-49 inner-column-1\"><div class=\"kt-inside-inner-col\"><style>.wp-block-kadence-advancedheading.kt-adv-heading195_fe9852-82, .wp-block-kadence-advancedheading.kt-adv-heading195_fe9852-82[data-kb-block=\"kb-adv-heading195_fe9852-82\"]{margin-bottom:var(--global-kb-spacing-xs, 1rem);font-size:var(--global-kb-font-size-lg, 2rem);line-height:1;font-weight:700;font-style:normal;}.wp-block-kadence-advancedheading.kt-adv-heading195_fe9852-82 mark.kt-highlight, .wp-block-kadence-advancedheading.kt-adv-heading195_fe9852-82[data-kb-block=\"kb-adv-heading195_fe9852-82\"] mark.kt-highlight{font-style:normal;color:#f76a0c;-webkit-box-decoration-break:clone;box-decoration-break:clone;padding-top:0px;padding-right:0px;padding-bottom:0px;padding-left:0px;}<\/style>\n<div class=\"kt-adv-heading195_fe9852-82 wp-block-kadence-advancedheading has-theme-palette-1-color has-text-color\" data-kb-block=\"kb-adv-heading195_fe9852-82\">02<\/div>\n<\/div><\/div>\n\n\n<style>.kadence-column195_5116ef-90 > .kt-inside-inner-col,.kadence-column195_5116ef-90 > .kt-inside-inner-col:before{border-top-left-radius:0px;border-top-right-radius:0px;border-bottom-right-radius:0px;border-bottom-left-radius:0px;}.kadence-column195_5116ef-90 > .kt-inside-inner-col{column-gap:var(--global-kb-gap-sm, 1rem);}.kadence-column195_5116ef-90 > .kt-inside-inner-col{flex-direction:column;}.kadence-column195_5116ef-90 > .kt-inside-inner-col > .aligncenter{width:100%;}.kadence-column195_5116ef-90 > .kt-inside-inner-col:before{opacity:0.3;}.kadence-column195_5116ef-90{position:relative;}@media all and (max-width: 1024px){.kadence-column195_5116ef-90 > .kt-inside-inner-col{flex-direction:column;justify-content:center;}}@media all and (max-width: 767px){.kadence-column195_5116ef-90 > .kt-inside-inner-col{flex-direction:column;justify-content:center;}}<\/style>\n<div class=\"wp-block-kadence-column kadence-column195_5116ef-90 inner-column-2\"><div class=\"kt-inside-inner-col\"><style>.wp-block-kadence-advancedheading.kt-adv-heading195_61efc3-ef, .wp-block-kadence-advancedheading.kt-adv-heading195_61efc3-ef[data-kb-block=\"kb-adv-heading195_61efc3-ef\"]{font-size:var(--global-kb-font-size-md, 1.25rem);line-height:1.2;font-style:normal;}.wp-block-kadence-advancedheading.kt-adv-heading195_61efc3-ef mark.kt-highlight, .wp-block-kadence-advancedheading.kt-adv-heading195_61efc3-ef[data-kb-block=\"kb-adv-heading195_61efc3-ef\"] mark.kt-highlight{font-style:normal;color:#f76a0c;-webkit-box-decoration-break:clone;box-decoration-break:clone;padding-top:0px;padding-right:0px;padding-bottom:0px;padding-left:0px;}<\/style>\n<h3 class=\"kt-adv-heading195_61efc3-ef wp-block-kadence-advancedheading\" data-kb-block=\"kb-adv-heading195_61efc3-ef\">Tagesausfluge<\/h3>\n\n\n<style>.wp-block-kadence-advancedheading.kt-adv-heading195_fbd0c6-2d, .wp-block-kadence-advancedheading.kt-adv-heading195_fbd0c6-2d[data-kb-block=\"kb-adv-heading195_fbd0c6-2d\"]{font-style:normal;}.wp-block-kadence-advancedheading.kt-adv-heading195_fbd0c6-2d mark.kt-highlight, .wp-block-kadence-advancedheading.kt-adv-heading195_fbd0c6-2d[data-kb-block=\"kb-adv-heading195_fbd0c6-2d\"] mark.kt-highlight{font-style:normal;color:#f76a0c;-webkit-box-decoration-break:clone;box-decoration-break:clone;padding-top:0px;padding-right:0px;padding-bottom:0px;padding-left:0px;}<\/style>\n<p class=\"kt-adv-heading195_fbd0c6-2d wp-block-kadence-advancedheading has-theme-palette-6-color has-text-color\" data-kb-block=\"kb-adv-heading195_fbd0c6-2d\">Gro\u00dfes Abenteuer wartet auf die Kleinen.<\/p>\n<\/div><\/div>\n\n<\/div><\/div>\n\n<style>.kb-row-layout-id195_2081d6-b1 > .kt-row-column-wrap{align-content:start;}:where(.kb-row-layout-id195_2081d6-b1 > .kt-row-column-wrap) > .wp-block-kadence-column{justify-content:start;}.kb-row-layout-id195_2081d6-b1 > .kt-row-column-wrap{column-gap:var(--global-kb-gap-sm, 1rem);row-gap:var(--global-kb-gap-none, 0rem );padding-top:var(--global-kb-spacing-sm, 1.5rem);padding-bottom:var(--global-kb-spacing-sm, 1.5rem);grid-template-columns:minmax(0, calc(15% - ((var(--global-kb-gap-sm, 1rem) * 1 )\/2)))minmax(0, calc(85% - ((var(--global-kb-gap-sm, 1rem) * 1 )\/2)));}.kb-row-layout-id195_2081d6-b1 > .kt-row-layout-overlay{opacity:0.30;}@media all and (max-width: 1024px){.kb-row-layout-id195_2081d6-b1 > .kt-row-column-wrap{grid-template-columns:minmax(0, 1fr) minmax(0, 2fr);}}@media all and (max-width: 767px){.kb-row-layout-id195_2081d6-b1 > .kt-row-column-wrap{grid-template-columns:minmax(0, 1fr);}}<\/style><div class=\"kb-row-layout-wrap kb-row-layout-id195_2081d6-b1 alignnone wp-block-kadence-rowlayout\"><div class=\"kt-row-column-wrap kt-has-2-columns kt-row-layout-right-golden kt-tab-layout-inherit kt-mobile-layout-row kt-row-valign-top\">\n<style>.kadence-column195_3bb3e3-70 > .kt-inside-inner-col,.kadence-column195_3bb3e3-70 > .kt-inside-inner-col:before{border-top-left-radius:0px;border-top-right-radius:0px;border-bottom-right-radius:0px;border-bottom-left-radius:0px;}.kadence-column195_3bb3e3-70 > .kt-inside-inner-col{column-gap:var(--global-kb-gap-sm, 1rem);}.kadence-column195_3bb3e3-70 > .kt-inside-inner-col{flex-direction:column;}.kadence-column195_3bb3e3-70 > .kt-inside-inner-col > .aligncenter{width:100%;}.kadence-column195_3bb3e3-70 > .kt-inside-inner-col:before{opacity:0.3;}.kadence-column195_3bb3e3-70{position:relative;}@media all and (max-width: 1024px){.kadence-column195_3bb3e3-70 > .kt-inside-inner-col{flex-direction:column;justify-content:center;}}@media all and (max-width: 767px){.kadence-column195_3bb3e3-70 > .kt-inside-inner-col{flex-direction:column;justify-content:center;}}<\/style>\n<div class=\"wp-block-kadence-column kadence-column195_3bb3e3-70 inner-column-1\"><div class=\"kt-inside-inner-col\"><style>.wp-block-kadence-advancedheading.kt-adv-heading195_a68786-9b, .wp-block-kadence-advancedheading.kt-adv-heading195_a68786-9b[data-kb-block=\"kb-adv-heading195_a68786-9b\"]{margin-bottom:var(--global-kb-spacing-xs, 1rem);font-size:var(--global-kb-font-size-lg, 2rem);line-height:1;font-weight:700;font-style:normal;}.wp-block-kadence-advancedheading.kt-adv-heading195_a68786-9b mark.kt-highlight, .wp-block-kadence-advancedheading.kt-adv-heading195_a68786-9b[data-kb-block=\"kb-adv-heading195_a68786-9b\"] mark.kt-highlight{font-style:normal;color:#f76a0c;-webkit-box-decoration-break:clone;box-decoration-break:clone;padding-top:0px;padding-right:0px;padding-bottom:0px;padding-left:0px;}<\/style>\n<div class=\"kt-adv-heading195_a68786-9b wp-block-kadence-advancedheading has-theme-palette-1-color has-text-color\" data-kb-block=\"kb-adv-heading195_a68786-9b\">03<\/div>\n<\/div><\/div>\n\n\n<style>.kadence-column195_bb7afa-5e > .kt-inside-inner-col,.kadence-column195_bb7afa-5e > .kt-inside-inner-col:before{border-top-left-radius:0px;border-top-right-radius:0px;border-bottom-right-radius:0px;border-bottom-left-radius:0px;}.kadence-column195_bb7afa-5e > .kt-inside-inner-col{column-gap:var(--global-kb-gap-sm, 1rem);}.kadence-column195_bb7afa-5e > .kt-inside-inner-col{flex-direction:column;}.kadence-column195_bb7afa-5e > .kt-inside-inner-col > .aligncenter{width:100%;}.kadence-column195_bb7afa-5e > .kt-inside-inner-col:before{opacity:0.3;}.kadence-column195_bb7afa-5e{position:relative;}@media all and (max-width: 1024px){.kadence-column195_bb7afa-5e > .kt-inside-inner-col{flex-direction:column;justify-content:center;}}@media all and (max-width: 767px){.kadence-column195_bb7afa-5e > .kt-inside-inner-col{flex-direction:column;justify-content:center;}}<\/style>\n<div class=\"wp-block-kadence-column kadence-column195_bb7afa-5e inner-column-2\"><div class=\"kt-inside-inner-col\"><style>.wp-block-kadence-advancedheading.kt-adv-heading195_0ccbe1-f1, .wp-block-kadence-advancedheading.kt-adv-heading195_0ccbe1-f1[data-kb-block=\"kb-adv-heading195_0ccbe1-f1\"]{font-size:var(--global-kb-font-size-md, 1.25rem);line-height:1.2;font-style:normal;}.wp-block-kadence-advancedheading.kt-adv-heading195_0ccbe1-f1 mark.kt-highlight, .wp-block-kadence-advancedheading.kt-adv-heading195_0ccbe1-f1[data-kb-block=\"kb-adv-heading195_0ccbe1-f1\"] mark.kt-highlight{font-style:normal;color:#f76a0c;-webkit-box-decoration-break:clone;box-decoration-break:clone;padding-top:0px;padding-right:0px;padding-bottom:0px;padding-left:0px;}<\/style>\n<h3 class=\"kt-adv-heading195_0ccbe1-f1 wp-block-kadence-advancedheading\" data-kb-block=\"kb-adv-heading195_0ccbe1-f1\">Mehrtagige Touren und \u00dcbernachtungen<\/h3>\n\n\n<style>.wp-block-kadence-advancedheading.kt-adv-heading195_ef94c9-b2, .wp-block-kadence-advancedheading.kt-adv-heading195_ef94c9-b2[data-kb-block=\"kb-adv-heading195_ef94c9-b2\"]{font-style:normal;}.wp-block-kadence-advancedheading.kt-adv-heading195_ef94c9-b2 mark.kt-highlight, .wp-block-kadence-advancedheading.kt-adv-heading195_ef94c9-b2[data-kb-block=\"kb-adv-heading195_ef94c9-b2\"] mark.kt-highlight{font-style:normal;color:#f76a0c;-webkit-box-decoration-break:clone;box-decoration-break:clone;padding-top:0px;padding-right:0px;padding-bottom:0px;padding-left:0px;}<\/style>\n<p class=\"kt-adv-heading195_ef94c9-b2 wp-block-kadence-advancedheading has-theme-palette-6-color has-text-color\" data-kb-block=\"kb-adv-heading195_ef94c9-b2\">Verbringe unvergessliche Zeit mit deinen Lieben.<\/p>\n<\/div><\/div>\n\n<\/div><\/div><\/div><\/div>\n\n<\/div><\/div><\/div><\/div>\n","protected":false},"excerpt":{"rendered":"<p>Erlebnisse in der Natur Entdecken Sie unsere vielf\u00e4ltigen Angebote f\u00fcr Familien und Gruppen 01 Waldfuhrungen Entdecke die Sch\u00f6nheit der Natur. 02 Tagesausfluge Gro\u00dfes Abenteuer wartet auf die Kleinen. 03 Mehrtagige&#8230;<\/p>\n","protected":false},"author":1,"featured_media":0,"parent":0,"menu_order":0,"comment_status":"closed","ping_status":"closed","template":"","meta":{"_kadence_starter_templates_imported_post":false,"_kad_post_transparent":"","_kad_post_title":"","_kad_post_layout":"","_kad_post_sidebar_id":"","_kad_post_content_style":"","_kad_post_vertical_padding":"","_kad_post_feature":"","_kad_post_feature_position":"","_kad_post_header":false,"_kad_post_footer":false,"footnotes":""},"class_list":["post-195","page","type-page","status-publish","hentry"],"_links":{"self":[{"href":"https:\/\/wildwelt-natur.de\/index.php\/wp-json\/wp\/v2\/pages\/195","targetHints":{"allow":["GET"]}}],"collection":[{"href":"https:\/\/wildwelt-natur.de\/index.php\/wp-json\/wp\/v2\/pages"}],"about":[{"href":"https:\/\/wildwelt-natur.de\/index.php\/wp-json\/wp\/v2\/types\/page"}],"author":[{"embeddable":true,"href":"https:\/\/wildwelt-natur.de\/index.php\/wp-json\/wp\/v2\/users\/1"}],"replies":[{"embeddable":true,"href":"https:\/\/wildwelt-natur.de\/index.php\/wp-json\/wp\/v2\/comments?post=195"}],"version-history":[{"count":3,"href":"https:\/\/wildwelt-natur.de\/index.php\/wp-json\/wp\/v2\/pages\/195\/revisions"}],"predecessor-version":[{"id":235,"href":"https:\/\/wildwelt-natur.de\/index.php\/wp-json\/wp\/v2\/pages\/195\/revisions\/235"}],"wp:attachment":[{"href":"https:\/\/wildwelt-natur.de\/index.php\/wp-json\/wp\/v2\/media?parent=195"}],"curies":[{"name":"wp","href":"https:\/\/api.w.org\/{rel}","templated":true}]}}