{"id":198,"date":"2025-08-11T12:06:56","date_gmt":"2025-08-11T10:06:56","guid":{"rendered":"https:\/\/wildwelt-natur.de\/?page_id=198"},"modified":"2025-11-03T15:57:36","modified_gmt":"2025-11-03T14:57:36","slug":"teams-und-mannschaften","status":"publish","type":"page","link":"https:\/\/wildwelt-natur.de\/index.php\/teams-und-mannschaften\/","title":{"rendered":"Teams und Mannschaften"},"content":{"rendered":"<style>.kadence-column198_819880-0e > .kt-inside-inner-col,.kadence-column198_819880-0e > .kt-inside-inner-col:before{border-top-left-radius:0px;border-top-right-radius:0px;border-bottom-right-radius:0px;border-bottom-left-radius:0px;}.kadence-column198_819880-0e > .kt-inside-inner-col{column-gap:var(--global-kb-gap-sm, 1rem);}.kadence-column198_819880-0e > .kt-inside-inner-col{flex-direction:column;}.kadence-column198_819880-0e > .kt-inside-inner-col > .aligncenter{width:100%;}.kadence-column198_819880-0e > .kt-inside-inner-col:before{opacity:0.3;}.kadence-column198_819880-0e{position:relative;}@media all and (max-width: 1024px){.kadence-column198_819880-0e > .kt-inside-inner-col{flex-direction:column;justify-content:center;}}@media all and (max-width: 767px){.kadence-column198_819880-0e > .kt-inside-inner-col{flex-direction:column;justify-content:center;}}<\/style>\n<div class=\"wp-block-kadence-column kadence-column198_819880-0e\"><div class=\"kt-inside-inner-col\"><style>.kb-row-layout-id198_c42cbd-48 > .kt-row-column-wrap{align-content:start;}:where(.kb-row-layout-id198_c42cbd-48 > .kt-row-column-wrap) > .wp-block-kadence-column{justify-content:start;}.kb-row-layout-id198_c42cbd-48 > .kt-row-column-wrap{column-gap:var(--global-kb-gap-lg, 4rem);row-gap:var(--global-kb-gap-md, 2rem);max-width:var( --global-content-width, 1290px );padding-left:var(--global-content-edge-padding);padding-right:var(--global-content-edge-padding);padding-top:var(--global-kb-spacing-xxl, 5rem);padding-bottom:var(--global-kb-spacing-xxl, 5rem);grid-template-columns:minmax(0, calc(50% - ((var(--global-kb-gap-lg, 4rem) * 1 )\/2)))minmax(0, calc(50% - ((var(--global-kb-gap-lg, 4rem) * 1 )\/2)));}.kb-row-layout-id198_c42cbd-48 > .kt-row-layout-overlay{opacity:0.30;}@media all and (max-width: 1024px){.kb-row-layout-id198_c42cbd-48 > .kt-row-column-wrap{grid-template-columns:minmax(0, 1fr);}}@media all and (max-width: 767px){.kb-row-layout-id198_c42cbd-48 > .kt-row-column-wrap{grid-template-columns:minmax(0, 1fr);}}<\/style><div class=\"kb-row-layout-wrap kb-row-layout-id198_c42cbd-48 alignfull has-theme-palette9-background-color kt-row-has-bg wp-block-kadence-rowlayout\"><div class=\"kt-row-column-wrap kt-has-2-columns kt-row-layout-equal kt-tab-layout-row kt-mobile-layout-row kt-row-valign-top kb-theme-content-width\">\n<style>.kadence-column198_40f956-c3 > .kt-inside-inner-col,.kadence-column198_40f956-c3 > .kt-inside-inner-col:before{border-top-left-radius:0px;border-top-right-radius:0px;border-bottom-right-radius:0px;border-bottom-left-radius:0px;}.kadence-column198_40f956-c3 > .kt-inside-inner-col{column-gap:var(--global-kb-gap-sm, 1rem);}.kadence-column198_40f956-c3 > .kt-inside-inner-col{flex-direction:column;}.kadence-column198_40f956-c3 > .kt-inside-inner-col > .aligncenter{width:100%;}.kadence-column198_40f956-c3 > .kt-inside-inner-col:before{opacity:0.3;}.kadence-column198_40f956-c3{position:relative;}@media all and (max-width: 1024px){.kadence-column198_40f956-c3 > .kt-inside-inner-col{flex-direction:column;justify-content:center;}}@media all and (max-width: 767px){.kadence-column198_40f956-c3 > .kt-inside-inner-col{flex-direction:column;justify-content:center;}}<\/style>\n<div class=\"wp-block-kadence-column kadence-column198_40f956-c3 inner-column-1\"><div class=\"kt-inside-inner-col\"><style>.kb-image198_3484d8-53 .kb-image-has-overlay:after{opacity:0.3;border-top-left-radius:10px;border-top-right-radius:10px;border-bottom-right-radius:10px;border-bottom-left-radius:10px;}.kb-image198_3484d8-53 img.kb-img, .kb-image198_3484d8-53 .kb-img img{border-top-left-radius:10px;border-top-right-radius:10px;border-bottom-right-radius:10px;border-bottom-left-radius:10px;object-position:47% 42%;}<\/style>\n<figure class=\"wp-block-kadence-image kb-image198_3484d8-53 size-large kb-image-is-ratio-size\"><div class=\"kb-is-ratio-image kb-image-ratio-port34\"><img decoding=\"async\" src=\"https:\/\/wildwelt-natur.de\/wp-content\/uploads\/2025\/11\/WhatsApp-Image-2025-11-03-at-15.21.54-2-1024x768.jpeg\" alt=\"\" class=\"kb-img wp-image-243\"\/><\/div><\/figure>\n<\/div><\/div>\n\n\n<style>.kadence-column198_8b455b-05 > .kt-inside-inner-col,.kadence-column198_8b455b-05 > .kt-inside-inner-col:before{border-top-left-radius:0px;border-top-right-radius:0px;border-bottom-right-radius:0px;border-bottom-left-radius:0px;}.kadence-column198_8b455b-05 > .kt-inside-inner-col{column-gap:var(--global-kb-gap-sm, 1rem);}.kadence-column198_8b455b-05 > .kt-inside-inner-col{flex-direction:column;}.kadence-column198_8b455b-05 > .kt-inside-inner-col > .aligncenter{width:100%;}.kadence-column198_8b455b-05 > .kt-inside-inner-col:before{opacity:0.3;}.kadence-column198_8b455b-05{position:relative;}.kadence-column198_8b455b-05, .kt-inside-inner-col > .kadence-column198_8b455b-05:not(.specificity){margin-left:60px;}@media all and (max-width: 1024px){.kadence-column198_8b455b-05 > .kt-inside-inner-col{flex-direction:column;justify-content:center;}}@media all and (max-width: 767px){.kadence-column198_8b455b-05 > .kt-inside-inner-col{padding-top:0px;padding-right:0px;padding-bottom:0px;padding-left:0px;flex-direction:column;justify-content:center;}.kadence-column198_8b455b-05, .kt-inside-inner-col > .kadence-column198_8b455b-05:not(.specificity){margin-top:0px;margin-right:0px;margin-bottom:0px;margin-left:0px;}}<\/style>\n<div class=\"wp-block-kadence-column kadence-column198_8b455b-05 inner-column-2\"><div class=\"kt-inside-inner-col\"><style>.wp-block-kadence-advancedheading.kt-adv-heading198_d2f2e2-9c, .wp-block-kadence-advancedheading.kt-adv-heading198_d2f2e2-9c[data-kb-block=\"kb-adv-heading198_d2f2e2-9c\"]{font-weight:700;font-style:normal;}.wp-block-kadence-advancedheading.kt-adv-heading198_d2f2e2-9c mark.kt-highlight, .wp-block-kadence-advancedheading.kt-adv-heading198_d2f2e2-9c[data-kb-block=\"kb-adv-heading198_d2f2e2-9c\"] mark.kt-highlight{font-style:normal;color:#f76a0c;-webkit-box-decoration-break:clone;box-decoration-break:clone;padding-top:0px;padding-right:0px;padding-bottom:0px;padding-left:0px;}<\/style>\n<div class=\"kt-adv-heading198_d2f2e2-9c wp-block-kadence-advancedheading\" data-kb-block=\"kb-adv-heading198_d2f2e2-9c\">Erlebnisse in der Natur<\/div>\n\n\n<style>.wp-block-kadence-advancedheading.kt-adv-heading198_fa62ef-f5, .wp-block-kadence-advancedheading.kt-adv-heading198_fa62ef-f5[data-kb-block=\"kb-adv-heading198_fa62ef-f5\"]{margin-top:var(--global-kb-spacing-xxs, 0.5rem);font-size:var(--global-kb-font-size-lg, 2rem);line-height:1.1;font-style:normal;}.wp-block-kadence-advancedheading.kt-adv-heading198_fa62ef-f5 mark.kt-highlight, .wp-block-kadence-advancedheading.kt-adv-heading198_fa62ef-f5[data-kb-block=\"kb-adv-heading198_fa62ef-f5\"] mark.kt-highlight{font-style:normal;color:#f76a0c;-webkit-box-decoration-break:clone;box-decoration-break:clone;padding-top:0px;padding-right:0px;padding-bottom:0px;padding-left:0px;}<\/style>\n<h2 class=\"kt-adv-heading198_fa62ef-f5 wp-block-kadence-advancedheading\" data-kb-block=\"kb-adv-heading198_fa62ef-f5\">Entdecken Sie unsere vielf\u00e4ltigen Angebote f\u00fcr Teams und Mannschaften<\/h2>\n\n\n<style>.kb-row-layout-id198_8f307f-19 > .kt-row-column-wrap{align-content:start;}:where(.kb-row-layout-id198_8f307f-19 > .kt-row-column-wrap) > .wp-block-kadence-column{justify-content:start;}.kb-row-layout-id198_8f307f-19 > .kt-row-column-wrap{column-gap:var(--global-kb-gap-sm, 1rem);row-gap:var(--global-kb-gap-none, 0rem );padding-top:var(--global-kb-spacing-sm, 1.5rem);padding-bottom:var(--global-kb-spacing-sm, 1.5rem);grid-template-columns:minmax(0, calc(15% - ((var(--global-kb-gap-sm, 1rem) * 1 )\/2)))minmax(0, calc(85% - ((var(--global-kb-gap-sm, 1rem) * 1 )\/2)));}.kb-row-layout-id198_8f307f-19 > .kt-row-layout-overlay{opacity:0.30;}@media all and (max-width: 1024px){.kb-row-layout-id198_8f307f-19 > .kt-row-column-wrap{grid-template-columns:minmax(0, 1fr) minmax(0, 2fr);}}@media all and (max-width: 767px){.kb-row-layout-id198_8f307f-19 > .kt-row-column-wrap{grid-template-columns:minmax(0, 1fr);}}<\/style><div class=\"kb-row-layout-wrap kb-row-layout-id198_8f307f-19 alignnone wp-block-kadence-rowlayout\"><div class=\"kt-row-column-wrap kt-has-2-columns kt-row-layout-right-golden kt-tab-layout-inherit kt-mobile-layout-row kt-row-valign-top\">\n<style>.kadence-column198_f7ef22-2c > .kt-inside-inner-col,.kadence-column198_f7ef22-2c > .kt-inside-inner-col:before{border-top-left-radius:0px;border-top-right-radius:0px;border-bottom-right-radius:0px;border-bottom-left-radius:0px;}.kadence-column198_f7ef22-2c > .kt-inside-inner-col{column-gap:var(--global-kb-gap-sm, 1rem);}.kadence-column198_f7ef22-2c > .kt-inside-inner-col{flex-direction:column;}.kadence-column198_f7ef22-2c > .kt-inside-inner-col > .aligncenter{width:100%;}.kadence-column198_f7ef22-2c > .kt-inside-inner-col:before{opacity:0.3;}.kadence-column198_f7ef22-2c{position:relative;}@media all and (max-width: 1024px){.kadence-column198_f7ef22-2c > .kt-inside-inner-col{flex-direction:column;justify-content:center;}}@media all and (max-width: 767px){.kadence-column198_f7ef22-2c > .kt-inside-inner-col{flex-direction:column;justify-content:center;}}<\/style>\n<div class=\"wp-block-kadence-column kadence-column198_f7ef22-2c inner-column-1\"><div class=\"kt-inside-inner-col\"><style>.wp-block-kadence-advancedheading.kt-adv-heading198_c16ef2-4c, .wp-block-kadence-advancedheading.kt-adv-heading198_c16ef2-4c[data-kb-block=\"kb-adv-heading198_c16ef2-4c\"]{margin-bottom:var(--global-kb-spacing-xs, 1rem);font-size:var(--global-kb-font-size-lg, 2rem);line-height:1;font-weight:700;font-style:normal;}.wp-block-kadence-advancedheading.kt-adv-heading198_c16ef2-4c mark.kt-highlight, .wp-block-kadence-advancedheading.kt-adv-heading198_c16ef2-4c[data-kb-block=\"kb-adv-heading198_c16ef2-4c\"] mark.kt-highlight{font-style:normal;color:#f76a0c;-webkit-box-decoration-break:clone;box-decoration-break:clone;padding-top:0px;padding-right:0px;padding-bottom:0px;padding-left:0px;}<\/style>\n<div class=\"kt-adv-heading198_c16ef2-4c wp-block-kadence-advancedheading has-theme-palette-1-color has-text-color\" data-kb-block=\"kb-adv-heading198_c16ef2-4c\">01<\/div>\n<\/div><\/div>\n\n\n<style>.kadence-column198_0cce8e-1e > .kt-inside-inner-col,.kadence-column198_0cce8e-1e > .kt-inside-inner-col:before{border-top-left-radius:0px;border-top-right-radius:0px;border-bottom-right-radius:0px;border-bottom-left-radius:0px;}.kadence-column198_0cce8e-1e > .kt-inside-inner-col{column-gap:var(--global-kb-gap-sm, 1rem);}.kadence-column198_0cce8e-1e > .kt-inside-inner-col{flex-direction:column;}.kadence-column198_0cce8e-1e > .kt-inside-inner-col > .aligncenter{width:100%;}.kadence-column198_0cce8e-1e > .kt-inside-inner-col:before{opacity:0.3;}.kadence-column198_0cce8e-1e{position:relative;}@media all and (max-width: 1024px){.kadence-column198_0cce8e-1e > .kt-inside-inner-col{flex-direction:column;justify-content:center;}}@media all and (max-width: 767px){.kadence-column198_0cce8e-1e > .kt-inside-inner-col{flex-direction:column;justify-content:center;}}<\/style>\n<div class=\"wp-block-kadence-column kadence-column198_0cce8e-1e inner-column-2\"><div class=\"kt-inside-inner-col\"><style>.wp-block-kadence-advancedheading.kt-adv-heading198_671d9e-77, .wp-block-kadence-advancedheading.kt-adv-heading198_671d9e-77[data-kb-block=\"kb-adv-heading198_671d9e-77\"]{font-size:var(--global-kb-font-size-md, 1.25rem);line-height:1.2;font-style:normal;}.wp-block-kadence-advancedheading.kt-adv-heading198_671d9e-77 mark.kt-highlight, .wp-block-kadence-advancedheading.kt-adv-heading198_671d9e-77[data-kb-block=\"kb-adv-heading198_671d9e-77\"] mark.kt-highlight{font-style:normal;color:#f76a0c;-webkit-box-decoration-break:clone;box-decoration-break:clone;padding-top:0px;padding-right:0px;padding-bottom:0px;padding-left:0px;}<\/style>\n<h3 class=\"kt-adv-heading198_671d9e-77 wp-block-kadence-advancedheading\" data-kb-block=\"kb-adv-heading198_671d9e-77\">Teambildungs Tag<\/h3>\n\n\n<style>.wp-block-kadence-advancedheading.kt-adv-heading198_79067f-c8, .wp-block-kadence-advancedheading.kt-adv-heading198_79067f-c8[data-kb-block=\"kb-adv-heading198_79067f-c8\"]{font-style:normal;}.wp-block-kadence-advancedheading.kt-adv-heading198_79067f-c8 mark.kt-highlight, .wp-block-kadence-advancedheading.kt-adv-heading198_79067f-c8[data-kb-block=\"kb-adv-heading198_79067f-c8\"] mark.kt-highlight{font-style:normal;color:#f76a0c;-webkit-box-decoration-break:clone;box-decoration-break:clone;padding-top:0px;padding-right:0px;padding-bottom:0px;padding-left:0px;}<\/style>\n<p class=\"kt-adv-heading198_79067f-c8 wp-block-kadence-advancedheading has-theme-palette-6-color has-text-color\" data-kb-block=\"kb-adv-heading198_79067f-c8\">Entdecke die Sch\u00f6nheit der Natur.<\/p>\n<\/div><\/div>\n\n<\/div><\/div>\n\n<style>.kb-row-layout-id198_671a70-af > .kt-row-column-wrap{align-content:start;}:where(.kb-row-layout-id198_671a70-af > .kt-row-column-wrap) > .wp-block-kadence-column{justify-content:start;}.kb-row-layout-id198_671a70-af > .kt-row-column-wrap{column-gap:var(--global-kb-gap-sm, 1rem);row-gap:var(--global-kb-gap-none, 0rem );padding-top:var(--global-kb-spacing-sm, 1.5rem);padding-bottom:var(--global-kb-spacing-sm, 1.5rem);grid-template-columns:minmax(0, calc(15% - ((var(--global-kb-gap-sm, 1rem) * 1 )\/2)))minmax(0, calc(85% - ((var(--global-kb-gap-sm, 1rem) * 1 )\/2)));}.kb-row-layout-id198_671a70-af > .kt-row-layout-overlay{opacity:0.30;}@media all and (max-width: 1024px){.kb-row-layout-id198_671a70-af > .kt-row-column-wrap{grid-template-columns:minmax(0, 1fr) minmax(0, 2fr);}}@media all and (max-width: 767px){.kb-row-layout-id198_671a70-af > .kt-row-column-wrap{grid-template-columns:minmax(0, 1fr);}}<\/style><div class=\"kb-row-layout-wrap kb-row-layout-id198_671a70-af alignnone wp-block-kadence-rowlayout\"><div class=\"kt-row-column-wrap kt-has-2-columns kt-row-layout-right-golden kt-tab-layout-inherit kt-mobile-layout-row kt-row-valign-top\">\n<style>.kadence-column198_409a1f-a2 > .kt-inside-inner-col,.kadence-column198_409a1f-a2 > .kt-inside-inner-col:before{border-top-left-radius:0px;border-top-right-radius:0px;border-bottom-right-radius:0px;border-bottom-left-radius:0px;}.kadence-column198_409a1f-a2 > .kt-inside-inner-col{column-gap:var(--global-kb-gap-sm, 1rem);}.kadence-column198_409a1f-a2 > .kt-inside-inner-col{flex-direction:column;}.kadence-column198_409a1f-a2 > .kt-inside-inner-col > .aligncenter{width:100%;}.kadence-column198_409a1f-a2 > .kt-inside-inner-col:before{opacity:0.3;}.kadence-column198_409a1f-a2{position:relative;}@media all and (max-width: 1024px){.kadence-column198_409a1f-a2 > .kt-inside-inner-col{flex-direction:column;justify-content:center;}}@media all and (max-width: 767px){.kadence-column198_409a1f-a2 > .kt-inside-inner-col{flex-direction:column;justify-content:center;}}<\/style>\n<div class=\"wp-block-kadence-column kadence-column198_409a1f-a2 inner-column-1\"><div class=\"kt-inside-inner-col\"><style>.wp-block-kadence-advancedheading.kt-adv-heading198_595654-ea, .wp-block-kadence-advancedheading.kt-adv-heading198_595654-ea[data-kb-block=\"kb-adv-heading198_595654-ea\"]{margin-bottom:var(--global-kb-spacing-xs, 1rem);font-size:var(--global-kb-font-size-lg, 2rem);line-height:1;font-weight:700;font-style:normal;}.wp-block-kadence-advancedheading.kt-adv-heading198_595654-ea mark.kt-highlight, .wp-block-kadence-advancedheading.kt-adv-heading198_595654-ea[data-kb-block=\"kb-adv-heading198_595654-ea\"] mark.kt-highlight{font-style:normal;color:#f76a0c;-webkit-box-decoration-break:clone;box-decoration-break:clone;padding-top:0px;padding-right:0px;padding-bottom:0px;padding-left:0px;}<\/style>\n<div class=\"kt-adv-heading198_595654-ea wp-block-kadence-advancedheading has-theme-palette-1-color has-text-color\" data-kb-block=\"kb-adv-heading198_595654-ea\">02<\/div>\n<\/div><\/div>\n\n\n<style>.kadence-column198_9ee741-83 > .kt-inside-inner-col,.kadence-column198_9ee741-83 > .kt-inside-inner-col:before{border-top-left-radius:0px;border-top-right-radius:0px;border-bottom-right-radius:0px;border-bottom-left-radius:0px;}.kadence-column198_9ee741-83 > .kt-inside-inner-col{column-gap:var(--global-kb-gap-sm, 1rem);}.kadence-column198_9ee741-83 > .kt-inside-inner-col{flex-direction:column;}.kadence-column198_9ee741-83 > .kt-inside-inner-col > .aligncenter{width:100%;}.kadence-column198_9ee741-83 > .kt-inside-inner-col:before{opacity:0.3;}.kadence-column198_9ee741-83{position:relative;}@media all and (max-width: 1024px){.kadence-column198_9ee741-83 > .kt-inside-inner-col{flex-direction:column;justify-content:center;}}@media all and (max-width: 767px){.kadence-column198_9ee741-83 > .kt-inside-inner-col{flex-direction:column;justify-content:center;}}<\/style>\n<div class=\"wp-block-kadence-column kadence-column198_9ee741-83 inner-column-2\"><div class=\"kt-inside-inner-col\"><style>.wp-block-kadence-advancedheading.kt-adv-heading198_50a752-de, .wp-block-kadence-advancedheading.kt-adv-heading198_50a752-de[data-kb-block=\"kb-adv-heading198_50a752-de\"]{font-size:var(--global-kb-font-size-md, 1.25rem);line-height:1.2;font-style:normal;}.wp-block-kadence-advancedheading.kt-adv-heading198_50a752-de mark.kt-highlight, .wp-block-kadence-advancedheading.kt-adv-heading198_50a752-de[data-kb-block=\"kb-adv-heading198_50a752-de\"] mark.kt-highlight{font-style:normal;color:#f76a0c;-webkit-box-decoration-break:clone;box-decoration-break:clone;padding-top:0px;padding-right:0px;padding-bottom:0px;padding-left:0px;}<\/style>\n<h3 class=\"kt-adv-heading198_50a752-de wp-block-kadence-advancedheading\" data-kb-block=\"kb-adv-heading198_50a752-de\">Team auf Tour<\/h3>\n\n\n<style>.wp-block-kadence-advancedheading.kt-adv-heading198_8ec933-31, .wp-block-kadence-advancedheading.kt-adv-heading198_8ec933-31[data-kb-block=\"kb-adv-heading198_8ec933-31\"]{font-style:normal;}.wp-block-kadence-advancedheading.kt-adv-heading198_8ec933-31 mark.kt-highlight, .wp-block-kadence-advancedheading.kt-adv-heading198_8ec933-31[data-kb-block=\"kb-adv-heading198_8ec933-31\"] mark.kt-highlight{font-style:normal;color:#f76a0c;-webkit-box-decoration-break:clone;box-decoration-break:clone;padding-top:0px;padding-right:0px;padding-bottom:0px;padding-left:0px;}<\/style>\n<p class=\"kt-adv-heading198_8ec933-31 wp-block-kadence-advancedheading has-theme-palette-6-color has-text-color\" data-kb-block=\"kb-adv-heading198_8ec933-31\">Gro\u00dfes Abenteuer wartet auf die Kleinen.<\/p>\n<\/div><\/div>\n\n<\/div><\/div>\n\n<style>.kb-row-layout-id198_da3187-dc > .kt-row-column-wrap{align-content:start;}:where(.kb-row-layout-id198_da3187-dc > .kt-row-column-wrap) > .wp-block-kadence-column{justify-content:start;}.kb-row-layout-id198_da3187-dc > .kt-row-column-wrap{column-gap:var(--global-kb-gap-sm, 1rem);row-gap:var(--global-kb-gap-none, 0rem );padding-top:var(--global-kb-spacing-sm, 1.5rem);padding-bottom:var(--global-kb-spacing-sm, 1.5rem);grid-template-columns:minmax(0, calc(15% - ((var(--global-kb-gap-sm, 1rem) * 1 )\/2)))minmax(0, calc(85% - ((var(--global-kb-gap-sm, 1rem) * 1 )\/2)));}.kb-row-layout-id198_da3187-dc > .kt-row-layout-overlay{opacity:0.30;}@media all and (max-width: 1024px){.kb-row-layout-id198_da3187-dc > .kt-row-column-wrap{grid-template-columns:minmax(0, 1fr) minmax(0, 2fr);}}@media all and (max-width: 767px){.kb-row-layout-id198_da3187-dc > .kt-row-column-wrap{grid-template-columns:minmax(0, 1fr);}}<\/style><div class=\"kb-row-layout-wrap kb-row-layout-id198_da3187-dc alignnone wp-block-kadence-rowlayout\"><div class=\"kt-row-column-wrap kt-has-2-columns kt-row-layout-right-golden kt-tab-layout-inherit kt-mobile-layout-row kt-row-valign-top\">\n<style>.kadence-column198_bb4090-25 > .kt-inside-inner-col,.kadence-column198_bb4090-25 > .kt-inside-inner-col:before{border-top-left-radius:0px;border-top-right-radius:0px;border-bottom-right-radius:0px;border-bottom-left-radius:0px;}.kadence-column198_bb4090-25 > .kt-inside-inner-col{column-gap:var(--global-kb-gap-sm, 1rem);}.kadence-column198_bb4090-25 > .kt-inside-inner-col{flex-direction:column;}.kadence-column198_bb4090-25 > .kt-inside-inner-col > .aligncenter{width:100%;}.kadence-column198_bb4090-25 > .kt-inside-inner-col:before{opacity:0.3;}.kadence-column198_bb4090-25{position:relative;}@media all and (max-width: 1024px){.kadence-column198_bb4090-25 > .kt-inside-inner-col{flex-direction:column;justify-content:center;}}@media all and (max-width: 767px){.kadence-column198_bb4090-25 > .kt-inside-inner-col{flex-direction:column;justify-content:center;}}<\/style>\n<div class=\"wp-block-kadence-column kadence-column198_bb4090-25 inner-column-1\"><div class=\"kt-inside-inner-col\"><style>.wp-block-kadence-advancedheading.kt-adv-heading198_844ea6-17, .wp-block-kadence-advancedheading.kt-adv-heading198_844ea6-17[data-kb-block=\"kb-adv-heading198_844ea6-17\"]{margin-bottom:var(--global-kb-spacing-xs, 1rem);font-size:var(--global-kb-font-size-lg, 2rem);line-height:1;font-weight:700;font-style:normal;}.wp-block-kadence-advancedheading.kt-adv-heading198_844ea6-17 mark.kt-highlight, .wp-block-kadence-advancedheading.kt-adv-heading198_844ea6-17[data-kb-block=\"kb-adv-heading198_844ea6-17\"] mark.kt-highlight{font-style:normal;color:#f76a0c;-webkit-box-decoration-break:clone;box-decoration-break:clone;padding-top:0px;padding-right:0px;padding-bottom:0px;padding-left:0px;}<\/style>\n<div class=\"kt-adv-heading198_844ea6-17 wp-block-kadence-advancedheading has-theme-palette-1-color has-text-color\" data-kb-block=\"kb-adv-heading198_844ea6-17\">03<\/div>\n<\/div><\/div>\n\n\n<style>.kadence-column198_392cec-6d > .kt-inside-inner-col,.kadence-column198_392cec-6d > .kt-inside-inner-col:before{border-top-left-radius:0px;border-top-right-radius:0px;border-bottom-right-radius:0px;border-bottom-left-radius:0px;}.kadence-column198_392cec-6d > .kt-inside-inner-col{column-gap:var(--global-kb-gap-sm, 1rem);}.kadence-column198_392cec-6d > .kt-inside-inner-col{flex-direction:column;}.kadence-column198_392cec-6d > .kt-inside-inner-col > .aligncenter{width:100%;}.kadence-column198_392cec-6d > .kt-inside-inner-col:before{opacity:0.3;}.kadence-column198_392cec-6d{position:relative;}@media all and (max-width: 1024px){.kadence-column198_392cec-6d > .kt-inside-inner-col{flex-direction:column;justify-content:center;}}@media all and (max-width: 767px){.kadence-column198_392cec-6d > .kt-inside-inner-col{flex-direction:column;justify-content:center;}}<\/style>\n<div class=\"wp-block-kadence-column kadence-column198_392cec-6d inner-column-2\"><div class=\"kt-inside-inner-col\"><style>.wp-block-kadence-advancedheading.kt-adv-heading198_fc7204-30, .wp-block-kadence-advancedheading.kt-adv-heading198_fc7204-30[data-kb-block=\"kb-adv-heading198_fc7204-30\"]{font-size:var(--global-kb-font-size-md, 1.25rem);line-height:1.2;font-style:normal;}.wp-block-kadence-advancedheading.kt-adv-heading198_fc7204-30 mark.kt-highlight, .wp-block-kadence-advancedheading.kt-adv-heading198_fc7204-30[data-kb-block=\"kb-adv-heading198_fc7204-30\"] mark.kt-highlight{font-style:normal;color:#f76a0c;-webkit-box-decoration-break:clone;box-decoration-break:clone;padding-top:0px;padding-right:0px;padding-bottom:0px;padding-left:0px;}<\/style>\n<h3 class=\"kt-adv-heading198_fc7204-30 wp-block-kadence-advancedheading\" data-kb-block=\"kb-adv-heading198_fc7204-30\">Mehrtagige Touren und \u00dcbernachtungen<\/h3>\n\n\n<style>.wp-block-kadence-advancedheading.kt-adv-heading198_9ff99f-7a, .wp-block-kadence-advancedheading.kt-adv-heading198_9ff99f-7a[data-kb-block=\"kb-adv-heading198_9ff99f-7a\"]{font-style:normal;}.wp-block-kadence-advancedheading.kt-adv-heading198_9ff99f-7a mark.kt-highlight, .wp-block-kadence-advancedheading.kt-adv-heading198_9ff99f-7a[data-kb-block=\"kb-adv-heading198_9ff99f-7a\"] mark.kt-highlight{font-style:normal;color:#f76a0c;-webkit-box-decoration-break:clone;box-decoration-break:clone;padding-top:0px;padding-right:0px;padding-bottom:0px;padding-left:0px;}<\/style>\n<p class=\"kt-adv-heading198_9ff99f-7a wp-block-kadence-advancedheading has-theme-palette-6-color has-text-color\" data-kb-block=\"kb-adv-heading198_9ff99f-7a\">Verbringe unvergessliche Zeit mit deinen Lieben.<\/p>\n<\/div><\/div>\n\n<\/div><\/div><\/div><\/div>\n\n<\/div><\/div><\/div><\/div>\n","protected":false},"excerpt":{"rendered":"<p>Erlebnisse in der Natur Entdecken Sie unsere vielf\u00e4ltigen Angebote f\u00fcr Teams und Mannschaften 01 Teambildungs Tag Entdecke die Sch\u00f6nheit der Natur. 02 Team auf Tour Gro\u00dfes Abenteuer wartet auf die&#8230;<\/p>\n","protected":false},"author":1,"featured_media":0,"parent":0,"menu_order":0,"comment_status":"closed","ping_status":"closed","template":"","meta":{"_kadence_starter_templates_imported_post":false,"_kad_post_transparent":"","_kad_post_title":"","_kad_post_layout":"","_kad_post_sidebar_id":"","_kad_post_content_style":"","_kad_post_vertical_padding":"","_kad_post_feature":"","_kad_post_feature_position":"","_kad_post_header":false,"_kad_post_footer":false,"footnotes":""},"class_list":["post-198","page","type-page","status-publish","hentry"],"_links":{"self":[{"href":"https:\/\/wildwelt-natur.de\/index.php\/wp-json\/wp\/v2\/pages\/198","targetHints":{"allow":["GET"]}}],"collection":[{"href":"https:\/\/wildwelt-natur.de\/index.php\/wp-json\/wp\/v2\/pages"}],"about":[{"href":"https:\/\/wildwelt-natur.de\/index.php\/wp-json\/wp\/v2\/types\/page"}],"author":[{"embeddable":true,"href":"https:\/\/wildwelt-natur.de\/index.php\/wp-json\/wp\/v2\/users\/1"}],"replies":[{"embeddable":true,"href":"https:\/\/wildwelt-natur.de\/index.php\/wp-json\/wp\/v2\/comments?post=198"}],"version-history":[{"count":3,"href":"https:\/\/wildwelt-natur.de\/index.php\/wp-json\/wp\/v2\/pages\/198\/revisions"}],"predecessor-version":[{"id":244,"href":"https:\/\/wildwelt-natur.de\/index.php\/wp-json\/wp\/v2\/pages\/198\/revisions\/244"}],"wp:attachment":[{"href":"https:\/\/wildwelt-natur.de\/index.php\/wp-json\/wp\/v2\/media?parent=198"}],"curies":[{"name":"wp","href":"https:\/\/api.w.org\/{rel}","templated":true}]}}